{"id":957,"date":"2018-02-26T17:59:01","date_gmt":"2018-02-26T16:59:01","guid":{"rendered":"http:\/\/hertzmusic.com\/cms\/?page_id=957"},"modified":"2018-02-27T18:14:53","modified_gmt":"2018-02-27T17:14:53","slug":"foerder-werden","status":"publish","type":"page","link":"https:\/\/hertzmusic.com\/index.php\/foerder-werden\/","title":{"rendered":"F\u00f6rder werden"},"content":{"rendered":"<p>[vc_row full_width=&#8221;stretch_row&#8221; css=&#8221;.vc_custom_1460652180225{margin-top: 80px !important;margin-bottom: 80px !important;}&#8221;][vc_column][vc_custom_heading text=&#8221;<strong>F\u00f6rder<\/strong> werden&#8221; use_theme_fonts=&#8221;yes&#8221;][vc_row_inner css=&#8221;.vc_custom_1460643836024{border-bottom-width: 20px !important;}&#8221;][vc_column_inner width=&#8221;1\/2&#8243; css=&#8221;.vc_custom_1460644560386{padding-top: 0px !important;}&#8221;][vc_column_text]<\/p>\n<p class=\"p1\"><span class=\"s1\">Die Geschichte von hertzmusic beginnt 1998. Zuerst noch als reine Event- und Bookingagentur t\u00e4tig, kommt sp\u00e4ter ein Vinyl- und Digitallabel hinzu, welches viele namhafte K\u00fcnstler und erfolgreiche Releases verbuchen kann. 2017 kommt es zur Neugr\u00fcndung \u2013 jetzt unter Vereinsflagge!\u00a0<\/span><\/p>\n<p class=\"p1\"><span class=\"s1\">Als somit wieder junger Verein sind wir auf Deine Unterst\u00fctzung angewiesen. Wir haben verschiedene F\u00f6rderer-Pakete geschn\u00fcrt und es w\u00e4re toll, wenn Du Lust h\u00e4ttest, Teil der hertzmusic-Familie zu werden und 2018 zu einem \u201eelektronisch wertvollen\u201c Jahr f\u00fcr Kaiserslautern und die Region zu machen.\u00a0<\/span><\/p>\n<p class=\"p1\"><span class=\"s1\">Wenn Du interessiert bist, schreibe einfach eine mail an <a href=\"mailto:info@hertzmusic.com\"><span class=\"s2\">info@hertzmusic.com<\/span><\/a><\/span><\/p>\n<p>[\/vc_column_text][\/vc_column_inner][vc_column_inner width=&#8221;1\/2&#8243; css=&#8221;.vc_custom_1460644565437{padding-top: 0px !important;}&#8221;][vc_single_image image=&#8221;864&#8243; img_size=&#8221;full&#8221; alignment=&#8221;center&#8221;][\/vc_column_inner][\/vc_row_inner][\/vc_column][\/vc_row]<\/p>\n","protected":false},"excerpt":{"rendered":"<p>[vc_row full_width=&#8221;stretch_row&#8221; css=&#8221;.vc_custom_1460652180225{margin-top: 80px !important;margin-bottom: 80px !important;}&#8221;][vc_column][vc_custom_heading text=&#8221;F\u00f6rder werden&#8221; use_theme_fonts=&#8221;yes&#8221;][vc_row_inner css=&#8221;.vc_custom_1460643836024{border-bottom-width: 20px !important;}&#8221;][vc_column_inner width=&#8221;1\/2&#8243; css=&#8221;.vc_custom_1460644560386{padding-top: 0px !important;}&#8221;][vc_column_text] Die Geschichte von hertzmusic beginnt 1998. Zuerst noch als reine Event- und Bookingagentur t\u00e4tig, kommt sp\u00e4ter ein Vinyl- und Digitallabel hinzu, welches viele namhafte K\u00fcnstler und erfolgreiche Releases verbuchen kann. 2017 kommt es zur Neugr\u00fcndung \u2013 jetzt unter [&hellip;]<\/p>\n","protected":false},"author":1,"featured_media":0,"parent":0,"menu_order":0,"comment_status":"closed","ping_status":"closed","template":"","meta":[],"yoast_head":"<!-- This site is optimized with the Yoast SEO plugin v15.0 - https:\/\/yoast.com\/wordpress\/plugins\/seo\/ -->\n<title>F\u00f6rder werden - hertzmusic<\/title>\n<meta name=\"robots\" content=\"index, follow, max-snippet:-1, max-image-preview:large, max-video-preview:-1\" \/>\n<link rel=\"canonical\" href=\"https:\/\/hertzmusic.com\/index.php\/foerder-werden\/\" \/>\n<meta property=\"og:locale\" content=\"de_DE\" \/>\n<meta property=\"og:type\" content=\"article\" \/>\n<meta property=\"og:title\" content=\"F\u00f6rder werden - hertzmusic\" \/>\n<meta property=\"og:description\" content=\"[vc_row full_width=&#8221;stretch_row&#8221; css=&#8221;.vc_custom_1460652180225{margin-top: 80px !important;margin-bottom: 80px !important;}&#8221;][vc_column][vc_custom_heading text=&#8221;F\u00f6rder werden&#8221; use_theme_fonts=&#8221;yes&#8221;][vc_row_inner css=&#8221;.vc_custom_1460643836024{border-bottom-width: 20px !important;}&#8221;][vc_column_inner width=&#8221;1\/2&#8243; css=&#8221;.vc_custom_1460644560386{padding-top: 0px !important;}&#8221;][vc_column_text] Die Geschichte von hertzmusic beginnt 1998. Zuerst noch als reine Event- und Bookingagentur t\u00e4tig, kommt sp\u00e4ter ein Vinyl- und Digitallabel hinzu, welches viele namhafte K\u00fcnstler und erfolgreiche Releases verbuchen kann. 2017 kommt es zur Neugr\u00fcndung \u2013 jetzt unter [&hellip;]\" \/>\n<meta property=\"og:url\" content=\"https:\/\/hertzmusic.com\/index.php\/foerder-werden\/\" \/>\n<meta property=\"og:site_name\" content=\"hertzmusic\" \/>\n<meta property=\"article:modified_time\" content=\"2018-02-27T17:14:53+00:00\" \/>\n<meta name=\"twitter:card\" content=\"summary_large_image\" \/>\n<script type=\"application\/ld+json\" class=\"yoast-schema-graph\">{\"@context\":\"https:\/\/schema.org\",\"@graph\":[{\"@type\":\"WebSite\",\"@id\":\"https:\/\/hertzmusic.com\/#website\",\"url\":\"https:\/\/hertzmusic.com\/\",\"name\":\"hertzmusic\",\"description\":\"SOULS YOU!\",\"potentialAction\":[{\"@type\":\"SearchAction\",\"target\":\"https:\/\/hertzmusic.com\/?s={search_term_string}\",\"query-input\":\"required name=search_term_string\"}],\"inLanguage\":\"de\"},{\"@type\":\"WebPage\",\"@id\":\"https:\/\/hertzmusic.com\/index.php\/foerder-werden\/#webpage\",\"url\":\"https:\/\/hertzmusic.com\/index.php\/foerder-werden\/\",\"name\":\"F\\u00f6rder werden - hertzmusic\",\"isPartOf\":{\"@id\":\"https:\/\/hertzmusic.com\/#website\"},\"datePublished\":\"2018-02-26T16:59:01+00:00\",\"dateModified\":\"2018-02-27T17:14:53+00:00\",\"inLanguage\":\"de\",\"potentialAction\":[{\"@type\":\"ReadAction\",\"target\":[\"https:\/\/hertzmusic.com\/index.php\/foerder-werden\/\"]}]}]}<\/script>\n<!-- \/ Yoast SEO plugin. -->","_links":{"self":[{"href":"https:\/\/hertzmusic.com\/index.php\/wp-json\/wp\/v2\/pages\/957"}],"collection":[{"href":"https:\/\/hertzmusic.com\/index.php\/wp-json\/wp\/v2\/pages"}],"about":[{"href":"https:\/\/hertzmusic.com\/index.php\/wp-json\/wp\/v2\/types\/page"}],"author":[{"embeddable":true,"href":"https:\/\/hertzmusic.com\/index.php\/wp-json\/wp\/v2\/users\/1"}],"replies":[{"embeddable":true,"href":"https:\/\/hertzmusic.com\/index.php\/wp-json\/wp\/v2\/comments?post=957"}],"version-history":[{"count":2,"href":"https:\/\/hertzmusic.com\/index.php\/wp-json\/wp\/v2\/pages\/957\/revisions"}],"predecessor-version":[{"id":1029,"href":"https:\/\/hertzmusic.com\/index.php\/wp-json\/wp\/v2\/pages\/957\/revisions\/1029"}],"wp:attachment":[{"href":"https:\/\/hertzmusic.com\/index.php\/wp-json\/wp\/v2\/media?parent=957"}],"curies":[{"name":"wp","href":"https:\/\/api.w.org\/{rel}","templated":true}]}}