{"id":951,"date":"2018-02-26T17:54:27","date_gmt":"2018-02-26T16:54:27","guid":{"rendered":"http:\/\/hertzmusic.com\/cms\/?page_id=951"},"modified":"2018-03-01T12:03:08","modified_gmt":"2018-03-01T11:03:08","slug":"satzung","status":"publish","type":"page","link":"https:\/\/hertzmusic.com\/index.php\/satzung\/","title":{"rendered":"Satzung"},"content":{"rendered":"<p>[vc_row][vc_column][vc_column_text]<strong>\u00a7\u00a01\u00a0 Name<\/strong><\/p>\n<p>Der Verein f\u00fchrt den Namen \u201eHertzmusic\u201c und hat seinen Sitz in Kaiserslautern. Der Verein soll in das Vereinsregister eingetragen werden. Nach Eintragung lautet der Name des Vereins \u201eHertzmusic e.V.\u201c.<\/p>\n<p>&nbsp;<\/p>\n<p><strong>\u00a7\u00a02\u00a0 Aufgaben<\/strong><\/p>\n<p>Der Verein verfolgt ausschlie\u00dflich und unmittelbar gemeinn\u00fctzige Zwecke.<br \/>\nEr setzt sich zum Ziel:<\/p>\n<ul>\n<li>die F\u00f6rderung von Kunst und Kultur, vornehmlich Musik,<\/li>\n<li>die F\u00f6rderung der digitalen Medien,<\/li>\n<li>die F\u00f6rderung im Bereich der kulturellen Bildung, vornehmlich f\u00fcr Jugendliche und Kinder,<\/li>\n<li>die F\u00f6rderung des internationalen Kulturaustausches,<\/li>\n<li>die F\u00f6rderung der internationalen Gesinnung und der Toleranz auf allen Gebieten der Kultur einschlie\u00dflich des Vo\u0308lkerversta\u0308ndigungsgedankens,<\/li>\n<li>die F\u00f6rderung des b\u00fcrgerschaftlichen Engagements zugunsten gemeinn\u00fctziger Zwecke.<\/li>\n<\/ul>\n<p>Der Zweck der Satzung wird verwirklicht insbesondere durch:<\/p>\n<ul>\n<li>Musikveranstaltungen, Konzerte, Festivals,<\/li>\n<li>K\u00fcnstlersymposien,<\/li>\n<li>Workshops, Seminare, Tagungen,<\/li>\n<li>Ver\u00f6ffentlichung von Musik \u00fcber digitale Medien,<\/li>\n<li>Europ\u00e4ische Kulturprojekte,<\/li>\n<li>Beteiligung an gemeinn\u00fctzigen Projekten.<\/li>\n<\/ul>\n<p>&nbsp;<\/p>\n<p><strong>\u00a7\u00a03\u00a0 Gemeinn\u00fctzige T\u00e4tigkeit<\/strong><\/p>\n<p>Der Verein ist selbstlos t\u00e4tig, er verfolgt nicht in erster Linie eigenwirtschaftliche Zwecke.<\/p>\n<p>&nbsp;<\/p>\n<p><strong>\u00a7\u00a04 Mittelverwendung<\/strong><\/p>\n<p>Die Mittel des Vereins d\u00fcrfen nur f\u00fcr die satzungsm\u00e4\u00dfigen Zwecke verwendet werden. Es darf keine Person durch Ausgaben, die dem Zweck des Vereins fremd sind, oder durch unverh\u00e4ltnism\u00e4\u00dfig hohe Verg\u00fctungen beg\u00fcnstigt werden. Die Mitglieder erhalten keine Zuwendungen aus Mitteln der Gesellschaft.<\/p>\n<p>&nbsp;<\/p>\n<p><strong>\u00a7 5 Ordentliche Mitgliedschaft<\/strong><\/p>\n<ol>\n<li>Ordentliche Mitglieder k\u00f6nnen Personen, Vereine, Firmen, K\u00f6rperschaften des \u00f6ffentlichen und privaten Rechts und sonstige Institutionen werden.<\/li>\n<li>\u00dcber die Aufnahme neuer Mitglieder entscheidet der Vorstand. Jedes der\u00a0Gr\u00fcndungsmitglieder\u00a0hat ein Vetorecht. Neuaufnahmen erfolgen also nur, wenn die Gruppe der Gr\u00fcndungsmitglieder einstimmig damit\u00a0einverstanden ist.<\/li>\n<li>Ein Anspruch auf Aufnahme in den Verein besteht nicht. Die Ablehnung der Aufnahme muss nicht begr\u00fcndet werden.<\/li>\n<li>Die Mitgliedschaft endet durch schriftliche K\u00fcndigung des Mitgliedes zum Schluss des Gesch\u00e4ftsjahres.<\/li>\n<li>Die Mitgliedschaft endet durch Tod bzw. Aufl\u00f6sung bei juristischen Personen, Austritt und Ausschluss.<\/li>\n<li>Ein Mitglied kann auf Grund durch Beschluss des Vorstandes ausgeschlossen werden, wenn es trotz zweimaliger Mahnung seine Mitgliedsbeitr\u00e4ge nicht bezahlt hat. Das Mahnverfahren ist in der Beitragsordnung geregelt.<\/li>\n<li>Ein Mitglied kann ferner durch Beschluss der Mitgliederversammlung bei vereinssch\u00e4digendem Verhalten und Missachtung der Satzung ausgeschlossen werden.<\/li>\n<\/ol>\n<p>&nbsp;<\/p>\n<p><strong>\u00a7 6\u00a0 Ehrenmitgliedschaft<\/strong><\/p>\n<p>Zu Ehrenmitgliedern k\u00f6nnen von der Mitgliederversammlung solche Personen gew\u00e4hlt werden, die sich um die F\u00f6rderung der Vereinsziele besondere Verdienste erworben haben. Die Ehrenmitglieder sind von der Bezahlung der Mitgliedsbeitr\u00e4ge befreit.<\/p>\n<p>&nbsp;<\/p>\n<p><strong>\u00a7 7\u00a0 Rechte der Mitglieder<\/strong><\/p>\n<p>Die Mitglieder nehmen an der Mitgliederversammlung teil, k\u00f6nnen Antr\u00e4ge zur Abstimmung stellen und sich in die Organe des Vereins w\u00e4hlen lassen. Sie bestimmen durch Mehrheitsentscheidungen die Grundlinien der Vereinsarbeit.<\/p>\n<p>&nbsp;<\/p>\n<p><strong>\u00a7 8\u00a0 Pflichten der Mitglieder<\/strong><\/p>\n<p>Die Mitglieder sind verpflichtet, die Bestimmungen der Satzung und der Beitragsordnung einzuhalten, den Vorstand in seiner T\u00e4tigkeit zu unterst\u00fctze, die in der Beitragsordnung festgelegten Beitr\u00e4ge zu entrichten und dem Verein erforderliche Ausk\u00fcnfte zu geben,<\/p>\n<p>&nbsp;<\/p>\n<p><strong>\u00a7 9 Die\u00a0 Mitgliederversammlung<\/strong><\/p>\n<ol>\n<li>Die ordentliche Mitgliederversammlung wird vom Vorsitzenden des Vereins oder seinem Vertreter mindestens einmal j\u00e4hrlich mit einer Frist von zwei Wochen unter Angabe der Tagesordnung in Textform einberufen. Die Tagesordnung muss folgende Punkte enthalten:\n<ul>\n<li>Jahresbericht<\/li>\n<li>Jahresrechnung, Rechnungspr\u00fcfung, Entlastung des Vorstandes<\/li>\n<li>Genehmigung des Haushaltsplanes<\/li>\n<li>Vorliegende Antr\u00e4ge<\/li>\n<\/ul>\n<\/li>\n<li>Die ordentliche Mitgliederversammlung ist beschlussf\u00e4hig, wenn mindestens 10% der Mitglieder anwesend sind. Im Falle der Beschlussunf\u00e4higkeit ist innerhalb von weiteren vier Wochen eine neue Mitgliederversammlung einzuberufen, die ohne R\u00fccksicht auf die Zahl der anwesenden Mitglieder beschlussf\u00e4hig ist.<\/li>\n<li>Bei Abstimmungen entscheidet die einfache Mehrheit der abgegebenen Stimmen, soweit nicht gesetzlich andere Mehrheiten gefordert werden. Bei Stimmengleichheit ist ein Antrag abgelehnt.<\/li>\n<li>Antr\u00e4ge von Mitgliedern sind mit einer Frist von einer Woche vor dem Sitzungstermin dem Vorstand schriftlich mit Begr\u00fcndung einzureichen. Die Tagesordnung ist entsprechend f\u00fcr die Mitgliederversammlung zu erg\u00e4nzen.<\/li>\n<li>Die Mitgliederversammlung wird vom Vorsitzenden oder seinem Vertreter geleitet.<\/li>\n<li>Eine au\u00dferordentliche Mitgliederversammlung ist vom Vorsitzenden des Vereins oder seinem Vertreter unverz\u00fcglich mit einer Frist von 2 Wochen einzuberufen, wenn mindestens 10 Mitglieder unter Angabe der Gr\u00fcnde diese beantragen.<\/li>\n<li>\u00dcber jede Mitgliederversammlung ist eine Niederschrift anzufertigen, die vom Vorsitzenden oder seinem Vertreter und dem Schriftf\u00fchrer zu unterzeichnen ist.<\/li>\n<\/ol>\n<p>&nbsp;<\/p>\n<p><strong>\u00a7 10\u00a0 Der Vorstand<\/strong><\/p>\n<ol>\n<li>Der Vorstand im Sinne dieser Satzung besteht aus dem Vorsitzenden, einem Stellvertreter, dem Schatzmeister und bis zu vier Beisitzern.<\/li>\n<li>Der Vorsitzende oder sein Stellvertreter hat den Vorsitz in allen Vorstandssitzungen und in allen Mitgliederversammlungen und leitet alle Verhandlungen und Vereinsgesch\u00e4fte im Rahmen dieser Satzung.<\/li>\n<li>Die Wahl des Vorstandes erfolgt durch die Mitgliederversammlung auf zwei Jahre. Die Wiederwahl ist zul\u00e4ssig. Der Vorstand bleibt nach Ablauf seiner Amtszeit so lange im Amt, bis ein neuer Vorstand gew\u00e4hlt ist.<\/li>\n<li>Die Sitzungen des Vorstandes finden nach Bedarf statt. Die Einladungen zu den Sitzungen erfolgen schriftlich zwei Wochen vor Versammlung, in dringenden F\u00e4llen aber mindestens drei Tage vorher unter Angabe der Tagesordnung.<\/li>\n<li>Der Vorstand ist beschlussf\u00e4hig bei Anwesenheit des Vorsitzenden oder seines Stellvertreters und von mindestens einem Drittel seiner Mitglieder. Beschl\u00fcsse werden mit einfacher Mehrheit gefasst. \u00dcber die Verhandlungen ist ein Ergebnisprotokoll anzufertigen, das vom Verhandlungsf\u00fchrenden zu unterzeichnen ist. Beschl\u00fcsse k\u00f6nnen auch im Umlaufverfahren per E-Mail getroffen werden.<\/li>\n<li>Der Vorstand hat folgende Aufgaben:\n<ul>\n<li>\u00a0Der Vorsitzende, im Verhinderungsfall sein Stellvertreter, hat die Leitung des Vereins zur Erf\u00fcllung der in dieser Satzung gestellten Aufgaben. Insbesondere z\u00e4hlen zu seinen Obliegenheiten:\n<ul>\n<li>Vorbereitung der Mitgliederversammlung und Durchf\u00fchrung ihrer Beschl\u00fcsse<\/li>\n<li>Aufstellung des Haushaltsplanes<\/li>\n<li>Rechnungslegung gegen\u00fcber der Mitgliederversammlung<\/li>\n<li>Verwaltung des Vereinsverm\u00f6gens<\/li>\n<li>Einsetzung von Aussch\u00fcssen.<\/li>\n<\/ul>\n<\/li>\n<li>\u00a0Der Vorsitzende und sein Stellvertreter verf\u00fcgen \u00fcber die Konten des Vereins in eigener Verantwortung in Abstimmung mit dem Schatzmeister.<\/li>\n<li>Der Schatzmeister besorgt das Kassen- und Rechnungswesen.<br \/>\nEr leistet die Zahlungen aufgrund einer vom Vorsitzenden oder vom stellvertretenden Vorsitzenden unterzeichneten Anweisung.<\/li>\n<li>Die Beisitzer \u00fcbernehmen im Rahmen der Leitungsfunktion des Vorstandes besondere Aufgaben.<\/li>\n<li>Der Verein wird durch den Vorsitzenden und ein weiteres Vorstandsmitglied gem\u00e4\u00df \u00a7 26 BGB vertreten.<\/li>\n<\/ul>\n<\/li>\n<\/ol>\n<p>&nbsp;<\/p>\n<p><strong>\u00a7\u00a011\u00a0 Die Aussch\u00fcsse<\/strong><\/p>\n<p>Der Vorstand kann f\u00fcr bestimmte Aufgaben des Vereins Aussch\u00fcsse einsetzen. Die Aussch\u00fcsse k\u00f6nnen jederzeit vom Vorstand abberufen werden.<\/p>\n<p>&nbsp;<\/p>\n<p><strong>\u00a7\u00a012\u00a0 Die Rechnungspr\u00fcfer<\/strong><\/p>\n<p>Die Mitgliederversammlung w\u00e4hlt aus ihrer Mitte zwei Rechnungspr\u00fcfer und einen Stellvertreter f\u00fcr die Dauer von zwei Jahren. Sie pr\u00fcfen die Rechnungsf\u00fchrung des Vereins und berichten dar\u00fcber vor der Jahreshauptversammlung.<\/p>\n<p>&nbsp;<\/p>\n<p><strong>\u00a7\u00a013\u00a0 Das Gesch\u00e4ftsjahr<\/strong><\/p>\n<p>Das Gesch\u00e4ftsjahr entspricht dem Kalenderjahr.<\/p>\n<p>&nbsp;<\/p>\n<p><strong>\u00a7\u00a014\u00a0 Beitr\u00e4ge und Spenden<\/strong><\/p>\n<ul>\n<li>\u00a0Der Verein erh\u00e4lt Mittel zur Erf\u00fcllung seiner Aufgaben durch Mitgliedsbeitr\u00e4ge, Spenden, Zusch\u00fcssen und Erl\u00f6sen aus eigenen Veranstaltungen u.\u00e4.<\/li>\n<li>Die Beitragszahlung wird durch eine Beitragsordnung geregelt. Sie wird von der Mitgliederversammlung mit einfacher Mehrheit der anwesenden Mitglieder beschlossen und ge\u00e4ndert. Wenn ein solcher Beschluss gefasst werden soll, ist dies als Tagesordnungspunkt im Einladungsschreiben anzugeben.<br \/>\nIn der Beitragsordnung sind die H\u00f6he der Mitgliedsbeitr\u00e4ge, die Zahlungsfristen und die Zahlungsmodalit\u00e4ten geregelt.<\/li>\n<\/ul>\n<p>&nbsp;<\/p>\n<p><strong>\u00a7\u00a015\u00a0 \u00c4nderung der Satzung<\/strong><\/p>\n<ol>\n<li>\u00c4nderungen der Satzung erfordern eine Mehrheit von mindestens zwei Dritteln der anwesenden Stimmen.<\/li>\n<li>Beschl\u00fcsse der Mitgliederversammlung\n<ul>\n<li>\u00fcber \u00c4nderungen solcher Bestimmungen der Satzung, welche den Zweck oder die Verm\u00f6gensverwaltung des Vereins betreffen,<\/li>\n<li>\u00fcber die Verwendung des Verm\u00f6gens des Vereins bei seiner Aufl\u00f6sung oder bei Wegfall des bisherigen Zwecks<\/li>\n<\/ul>\n<\/li>\n<li>sind vor Inkrafttreten dem zust\u00e4ndigen Finanzamt mitzuteilen und d\u00fcrfen erst nach dessen Zustimmung ausgef\u00fchrt werden.<\/li>\n<li>Satzungs\u00e4nderungen sind als Tagesordnungspunkte in der Einladung anzugeben.<\/li>\n<\/ol>\n<p>&nbsp;<\/p>\n<p><strong>\u00a7\u00a016\u00a0 Aufl\u00f6sung des Vereins<\/strong><\/p>\n<ol>\n<li>Die Aufl\u00f6sung des Vereins kann nur in einer zu diesem Zweck besonders einberufenen Mitgliederversammlung mit Zweidrittelmehrheit beschlossen werden und verlangt die Anwesenheit von mindestens zwei Dritteln aller Mitglieder. Im Falle der Beschlussunf\u00e4higkeit ist innerhalb von vier Wochen eine neue Mitgliederversammlung vorschriftsm\u00e4\u00dfig mit derselben Tagesordnung einzuberufen, die ohne R\u00fccksicht auf die Zahl der erschienenen Vereinsmitglieder die Aufl\u00f6sung mit einfacher Mehrheit beschlie\u00dfen kann.<\/li>\n<li>Bei Aufl\u00f6sung des Vereins oder bei Wegfall seines bisherigen Zwecks f\u00e4llt das Verm\u00f6gen des Vereins an die Stadt Kaiserslautern, die es unmittelbar und ausschlie\u00dflich f\u00fcr gemeinn\u00fctzige oder mildt\u00e4tige Zwecke zu verwenden hat.<\/li>\n<\/ol>\n<p>&nbsp;<\/p>\n<p>&nbsp;<\/p>\n<p>&nbsp;<\/p>\n<p>&nbsp;<\/p>\n<p>&nbsp;<\/p>\n<p>&nbsp;<\/p>\n<p>&nbsp;<\/p>\n<p>&nbsp;<\/p>\n<p>&nbsp;<\/p>\n<p>&nbsp;<\/p>\n<p>&nbsp;<\/p>\n<p>[\/vc_column_text][\/vc_column][\/vc_row]<\/p>\n","protected":false},"excerpt":{"rendered":"<p>[vc_row][vc_column][vc_column_text]\u00a7\u00a01\u00a0 Name Der Verein f\u00fchrt den Namen \u201eHertzmusic\u201c und hat seinen Sitz in Kaiserslautern. Der Verein soll in das Vereinsregister eingetragen werden. Nach Eintragung lautet der Name des Vereins \u201eHertzmusic e.V.\u201c. &nbsp; \u00a7\u00a02\u00a0 Aufgaben Der Verein verfolgt ausschlie\u00dflich und unmittelbar gemeinn\u00fctzige Zwecke. Er setzt sich zum Ziel: die F\u00f6rderung von Kunst und Kultur, vornehmlich Musik, [&hellip;]<\/p>\n","protected":false},"author":1,"featured_media":0,"parent":0,"menu_order":0,"comment_status":"closed","ping_status":"closed","template":"","meta":[],"yoast_head":"<!-- This site is optimized with the Yoast SEO plugin v15.0 - https:\/\/yoast.com\/wordpress\/plugins\/seo\/ -->\n<title>Satzung - hertzmusic<\/title>\n<meta name=\"robots\" content=\"index, follow, max-snippet:-1, max-image-preview:large, max-video-preview:-1\" \/>\n<link rel=\"canonical\" href=\"https:\/\/hertzmusic.com\/index.php\/satzung\/\" \/>\n<meta property=\"og:locale\" content=\"de_DE\" \/>\n<meta property=\"og:type\" content=\"article\" \/>\n<meta property=\"og:title\" content=\"Satzung - hertzmusic\" \/>\n<meta property=\"og:description\" content=\"[vc_row][vc_column][vc_column_text]\u00a7\u00a01\u00a0 Name Der Verein f\u00fchrt den Namen \u201eHertzmusic\u201c und hat seinen Sitz in Kaiserslautern. Der Verein soll in das Vereinsregister eingetragen werden. Nach Eintragung lautet der Name des Vereins \u201eHertzmusic e.V.\u201c. &nbsp; \u00a7\u00a02\u00a0 Aufgaben Der Verein verfolgt ausschlie\u00dflich und unmittelbar gemeinn\u00fctzige Zwecke. Er setzt sich zum Ziel: die F\u00f6rderung von Kunst und Kultur, vornehmlich Musik, [&hellip;]\" \/>\n<meta property=\"og:url\" content=\"https:\/\/hertzmusic.com\/index.php\/satzung\/\" \/>\n<meta property=\"og:site_name\" content=\"hertzmusic\" \/>\n<meta property=\"article:modified_time\" content=\"2018-03-01T11:03:08+00:00\" \/>\n<meta name=\"twitter:card\" content=\"summary_large_image\" \/>\n<script type=\"application\/ld+json\" class=\"yoast-schema-graph\">{\"@context\":\"https:\/\/schema.org\",\"@graph\":[{\"@type\":\"WebSite\",\"@id\":\"https:\/\/hertzmusic.com\/#website\",\"url\":\"https:\/\/hertzmusic.com\/\",\"name\":\"hertzmusic\",\"description\":\"SOULS YOU!\",\"potentialAction\":[{\"@type\":\"SearchAction\",\"target\":\"https:\/\/hertzmusic.com\/?s={search_term_string}\",\"query-input\":\"required name=search_term_string\"}],\"inLanguage\":\"de\"},{\"@type\":\"WebPage\",\"@id\":\"https:\/\/hertzmusic.com\/index.php\/satzung\/#webpage\",\"url\":\"https:\/\/hertzmusic.com\/index.php\/satzung\/\",\"name\":\"Satzung - hertzmusic\",\"isPartOf\":{\"@id\":\"https:\/\/hertzmusic.com\/#website\"},\"datePublished\":\"2018-02-26T16:54:27+00:00\",\"dateModified\":\"2018-03-01T11:03:08+00:00\",\"inLanguage\":\"de\",\"potentialAction\":[{\"@type\":\"ReadAction\",\"target\":[\"https:\/\/hertzmusic.com\/index.php\/satzung\/\"]}]}]}<\/script>\n<!-- \/ Yoast SEO plugin. -->","_links":{"self":[{"href":"https:\/\/hertzmusic.com\/index.php\/wp-json\/wp\/v2\/pages\/951"}],"collection":[{"href":"https:\/\/hertzmusic.com\/index.php\/wp-json\/wp\/v2\/pages"}],"about":[{"href":"https:\/\/hertzmusic.com\/index.php\/wp-json\/wp\/v2\/types\/page"}],"author":[{"embeddable":true,"href":"https:\/\/hertzmusic.com\/index.php\/wp-json\/wp\/v2\/users\/1"}],"replies":[{"embeddable":true,"href":"https:\/\/hertzmusic.com\/index.php\/wp-json\/wp\/v2\/comments?post=951"}],"version-history":[{"count":5,"href":"https:\/\/hertzmusic.com\/index.php\/wp-json\/wp\/v2\/pages\/951\/revisions"}],"predecessor-version":[{"id":1150,"href":"https:\/\/hertzmusic.com\/index.php\/wp-json\/wp\/v2\/pages\/951\/revisions\/1150"}],"wp:attachment":[{"href":"https:\/\/hertzmusic.com\/index.php\/wp-json\/wp\/v2\/media?parent=951"}],"curies":[{"name":"wp","href":"https:\/\/api.w.org\/{rel}","templated":true}]}}