{"id":53,"date":"2016-04-12T13:25:10","date_gmt":"2016-04-12T13:25:10","guid":{"rendered":"http:\/\/localhost\/noisa\/?page_id=53"},"modified":"2020-09-26T14:56:43","modified_gmt":"2020-09-26T12:56:43","slug":"kontakt-2","status":"publish","type":"page","link":"https:\/\/hertzmusic.com\/index.php\/kontakt-2\/","title":{"rendered":"Kontakt"},"content":{"rendered":"<p>[vc_row full_width=&#8221;stretch_row&#8221; css=&#8221;.vc_custom_1460652180225{margin-top: 80px !important;margin-bottom: 80px !important;}&#8221;][vc_column][vc_custom_heading text=&#8221;<strong>hertzmusic <\/strong>e.V.&#8221; use_theme_fonts=&#8221;yes&#8221;][vc_empty_space height=&#8221;20&#8243;][vc_row_inner css=&#8221;.vc_custom_1460643836024{border-bottom-width: 20px !important;}&#8221;][vc_column_inner width=&#8221;1\/2&#8243; css=&#8221;.vc_custom_1460644560386{padding-top: 0px !important;}&#8221;][vc_column_text]Wir sind ein Kulturverein, der sich der F\u00f6rderung digitaler und analoger Musikkultur in Kaiserslautern und der Region widmet. Mit unseren Veranstaltungen und Workshops schaffen wir Plattformen, um verschiedene Spielarten der elektronischen Musik, Tanz, Visualisierungen und bildende Kunst zu pr\u00e4sentieren.<\/p>\n<p>Wenn Ihr einen unserer K\u00fcnstler buchen wollt, schreibt uns einfach eine Nachricht mit dem Betreff \u201ebooking\u201c.[\/vc_column_text][\/vc_column_inner][vc_column_inner width=&#8221;1\/2&#8243; css=&#8221;.vc_custom_1460644565437{padding-top: 0px !important;}&#8221;][vc_single_image image=&#8221;883&#8243; img_size=&#8221;full&#8221; alignment=&#8221;center&#8221;][\/vc_column_inner][\/vc_row_inner][vc_row_inner][vc_column_inner width=&#8221;1\/4&#8243; css=&#8221;.vc_custom_1519490293648{margin-top: 0px !important;padding-top: 0px !important;}&#8221;]\r\n        <div class=\"icon_column icon_left\">\r\n            <span class=\"icon icon-home\"><\/span>\r\n            <div class=\"text-holder\"><\/p>\n<p class=\"p1\"><strong>hertzmusic e.V.<\/strong><br \/>\nZiegelstrasse 41<br \/>\n67655 Kaiserslautern<\/p>\n<p><\/div>\r\n            \r\n        <\/div>\r\n    [\/vc_column_inner][vc_column_inner width=&#8221;1\/4&#8243;]\r\n        <div class=\"icon_column icon_left\">\r\n            <span class=\"icon icon-phone2\"><\/span>\r\n            <div class=\"text-holder\"><strong>(+49) 176-232-63-483<\/strong><\/div>\r\n            \r\n        <\/div>\r\n    [\/vc_column_inner][vc_column_inner width=&#8221;1\/4&#8243;]\r\n        <div class=\"icon_column icon_left\">\r\n            <span class=\"icon icon-pencil2\"><\/span>\r\n            <div class=\"text-holder\"><a href=\"mailto:info@hertzmusic.com\">info[at]hertzmusic.com<br \/>\n<\/a><\/div>\r\n            \r\n        <\/div>\r\n    [\/vc_column_inner][vc_column_inner width=&#8221;1\/4&#8243; css=&#8221;.vc_custom_1519490261879{margin-top: 0px !important;padding-top: 0px !important;}&#8221;]\r\n        <div class=\"icon_column icon_left\">\r\n            <span class=\"icon icon-share\"><\/span>\r\n            <div class=\"text-holder\"><\/p>\n<p class=\"p1\"><span class=\"s1\"><a href=\"http:\/\/hertzmusic.com\/index.php\/satzung\/\">Satzung<\/a><br \/>\n<\/span><span class=\"s1\"><a href=\"http:\/\/hertzmusic.com\/index.php\/foerder-werden\/\">F\u00f6rderer werden<\/a><br \/>\n<\/span><a href=\"http:\/\/hertzmusic.com\/index.php\/impressum\/\">Impressum<br \/>\n<\/a><a href=\"http:\/\/hertzmusic.com\/index.php\/datenschutz\/\">Datenschutz<\/a><\/p>\n<p><\/div>\r\n            \r\n        <\/div>\r\n    [\/vc_column_inner][\/vc_row_inner][\/vc_column][\/vc_row][vc_row full_width=&#8221;stretch_row&#8221; parallax=&#8221;content-moving&#8221; parallax_image=&#8221;894&#8243; overlay=&#8221;0&#8243; gradient_from=&#8221;#000000&#8243; gradient_to=&#8221;#000000&#8243; css=&#8221;.vc_custom_1519904372060{padding-top: 100px !important;padding-bottom: 100px !important;background-color: #000000 !important;background-position: center;background-repeat: no-repeat !important;background-size: cover !important;}&#8221; el_class=&#8221;dark-bg&#8221;][vc_column][vc_custom_heading text=&#8221;Sende uns eine Nachricht:&#8221; font_container=&#8221;tag:h3|text_align:left|color:%23ffffff&#8221; use_theme_fonts=&#8221;yes&#8221;][vc_empty_space height=&#8221;20&#8243;]<div role=\"form\" class=\"wpcf7\" id=\"wpcf7-f185-o1\" lang=\"en-US\" dir=\"ltr\">\n<div class=\"screen-reader-response\" role=\"alert\" aria-live=\"polite\"><\/div>\n<form action=\"\/index.php\/wp-json\/wp\/v2\/pages\/53#wpcf7-f185-o1\" method=\"post\" class=\"wpcf7-form init\" novalidate=\"novalidate\">\n<div style=\"display: none;\">\n<input type=\"hidden\" name=\"_wpcf7\" value=\"185\" \/>\n<input type=\"hidden\" name=\"_wpcf7_version\" value=\"5.2.2\" \/>\n<input type=\"hidden\" name=\"_wpcf7_locale\" value=\"en_US\" \/>\n<input type=\"hidden\" name=\"_wpcf7_unit_tag\" value=\"wpcf7-f185-o1\" \/>\n<input type=\"hidden\" name=\"_wpcf7_container_post\" value=\"0\" \/>\n<input type=\"hidden\" name=\"_wpcf7_posted_data_hash\" value=\"\" \/>\n<\/div>\n<p>Name* <span class=\"wpcf7-form-control-wrap your-name\"><input type=\"text\" name=\"your-name\" value=\"\" size=\"40\" class=\"wpcf7-form-control wpcf7-text wpcf7-validates-as-required\" aria-required=\"true\" aria-invalid=\"false\" \/><\/span> <\/p>\n<p>E-Mail* <span class=\"wpcf7-form-control-wrap your-email\"><input type=\"email\" name=\"your-email\" value=\"\" size=\"40\" class=\"wpcf7-form-control wpcf7-text wpcf7-email wpcf7-validates-as-required wpcf7-validates-as-email\" aria-required=\"true\" aria-invalid=\"false\" \/><\/span> <\/p>\n<p>Betreff <span class=\"wpcf7-form-control-wrap your-subject\"><input type=\"text\" name=\"your-subject\" value=\"\" size=\"40\" class=\"wpcf7-form-control wpcf7-text\" aria-invalid=\"false\" \/><\/span> <\/p>\n<p>Ihre Nachricht <span class=\"wpcf7-form-control-wrap your-message\"><textarea name=\"your-message\" cols=\"40\" rows=\"10\" class=\"wpcf7-form-control wpcf7-textarea\" aria-invalid=\"false\"><\/textarea><\/span> <\/p>\n<p><br><\/p>\n<p style=\"font-size:14px\"><strong>Einverst\u00e4ndnis Datenerfassung<\/strong><\/p>\n<p style=\"font-size:14px\"><span class=\"wpcf7-form-control-wrap accept-this-1\"><span class=\"wpcf7-form-control wpcf7-acceptance\"><span class=\"wpcf7-list-item\"><label><input type=\"checkbox\" name=\"accept-this-1\" value=\"1\" aria-invalid=\"false\" \/><span class=\"wpcf7-list-item-label\">Ich stimme zu, dass meine Angaben aus dem Kontaktformular zur Beantwortung meiner Anfrage erhoben und verarbeitet werden.\nDie Daten werden nach abgeschlossener Bearbeitung Ihrer Anfrage gel\u00f6scht. Sie k\u00f6nnen Ihre Einwilligung jederzeit f\u00fcr die Zukunft z.B. per E-Mail widerrufen. Detaillierte Informationen finden Sie in der <a href=\"https:\/\/hertzmusic.com\/index.php\/datenschutz\/\">Datenschutzerkl\u00e4rung<\/a>.<\/span><\/label><\/span><\/span><\/span><\/p>\n<p><br><\/p>\n<p><input type=\"submit\" value=\"Senden\" class=\"wpcf7-form-control wpcf7-submit\" \/><\/p>\n<div class=\"wpcf7-response-output\" role=\"alert\" aria-hidden=\"true\"><\/div><\/form><\/div>[\/vc_column][\/vc_row]<\/p>\n","protected":false},"excerpt":{"rendered":"<p>[vc_row full_width=&#8221;stretch_row&#8221; css=&#8221;.vc_custom_1460652180225{margin-top: 80px !important;margin-bottom: 80px !important;}&#8221;][vc_column][vc_custom_heading text=&#8221;hertzmusic e.V.&#8221; use_theme_fonts=&#8221;yes&#8221;][vc_empty_space height=&#8221;20&#8243;][vc_row_inner css=&#8221;.vc_custom_1460643836024{border-bottom-width: 20px !important;}&#8221;][vc_column_inner width=&#8221;1\/2&#8243; css=&#8221;.vc_custom_1460644560386{padding-top: 0px !important;}&#8221;][vc_column_text]Wir sind ein Kulturverein, der sich der F\u00f6rderung digitaler und analoger Musikkultur in Kaiserslautern und der Region widmet. Mit unseren Veranstaltungen und Workshops schaffen wir Plattformen, um verschiedene Spielarten der elektronischen Musik, Tanz, Visualisierungen und bildende Kunst zu [&hellip;]<\/p>\n","protected":false},"author":1,"featured_media":0,"parent":0,"menu_order":0,"comment_status":"closed","ping_status":"closed","template":"","meta":[],"yoast_head":"<!-- This site is optimized with the Yoast SEO plugin v15.0 - https:\/\/yoast.com\/wordpress\/plugins\/seo\/ -->\n<title>Kontakt - hertzmusic<\/title>\n<meta name=\"robots\" content=\"index, follow, max-snippet:-1, max-image-preview:large, max-video-preview:-1\" \/>\n<link rel=\"canonical\" href=\"https:\/\/hertzmusic.com\/index.php\/kontakt-2\/\" \/>\n<meta property=\"og:locale\" content=\"de_DE\" \/>\n<meta property=\"og:type\" content=\"article\" \/>\n<meta property=\"og:title\" content=\"Kontakt - hertzmusic\" \/>\n<meta property=\"og:description\" content=\"[vc_row full_width=&#8221;stretch_row&#8221; css=&#8221;.vc_custom_1460652180225{margin-top: 80px !important;margin-bottom: 80px !important;}&#8221;][vc_column][vc_custom_heading text=&#8221;hertzmusic e.V.&#8221; use_theme_fonts=&#8221;yes&#8221;][vc_empty_space height=&#8221;20&#8243;][vc_row_inner css=&#8221;.vc_custom_1460643836024{border-bottom-width: 20px !important;}&#8221;][vc_column_inner width=&#8221;1\/2&#8243; css=&#8221;.vc_custom_1460644560386{padding-top: 0px !important;}&#8221;][vc_column_text]Wir sind ein Kulturverein, der sich der F\u00f6rderung digitaler und analoger Musikkultur in Kaiserslautern und der Region widmet. Mit unseren Veranstaltungen und Workshops schaffen wir Plattformen, um verschiedene Spielarten der elektronischen Musik, Tanz, Visualisierungen und bildende Kunst zu [&hellip;]\" \/>\n<meta property=\"og:url\" content=\"https:\/\/hertzmusic.com\/index.php\/kontakt-2\/\" \/>\n<meta property=\"og:site_name\" content=\"hertzmusic\" \/>\n<meta property=\"article:modified_time\" content=\"2020-09-26T12:56:43+00:00\" \/>\n<meta name=\"twitter:card\" content=\"summary_large_image\" \/>\n<script type=\"application\/ld+json\" class=\"yoast-schema-graph\">{\"@context\":\"https:\/\/schema.org\",\"@graph\":[{\"@type\":\"WebSite\",\"@id\":\"https:\/\/hertzmusic.com\/#website\",\"url\":\"https:\/\/hertzmusic.com\/\",\"name\":\"hertzmusic\",\"description\":\"SOULS YOU!\",\"potentialAction\":[{\"@type\":\"SearchAction\",\"target\":\"https:\/\/hertzmusic.com\/?s={search_term_string}\",\"query-input\":\"required name=search_term_string\"}],\"inLanguage\":\"de\"},{\"@type\":\"WebPage\",\"@id\":\"https:\/\/hertzmusic.com\/index.php\/kontakt-2\/#webpage\",\"url\":\"https:\/\/hertzmusic.com\/index.php\/kontakt-2\/\",\"name\":\"Kontakt - hertzmusic\",\"isPartOf\":{\"@id\":\"https:\/\/hertzmusic.com\/#website\"},\"datePublished\":\"2016-04-12T13:25:10+00:00\",\"dateModified\":\"2020-09-26T12:56:43+00:00\",\"inLanguage\":\"de\",\"potentialAction\":[{\"@type\":\"ReadAction\",\"target\":[\"https:\/\/hertzmusic.com\/index.php\/kontakt-2\/\"]}]}]}<\/script>\n<!-- \/ Yoast SEO plugin. -->","_links":{"self":[{"href":"https:\/\/hertzmusic.com\/index.php\/wp-json\/wp\/v2\/pages\/53"}],"collection":[{"href":"https:\/\/hertzmusic.com\/index.php\/wp-json\/wp\/v2\/pages"}],"about":[{"href":"https:\/\/hertzmusic.com\/index.php\/wp-json\/wp\/v2\/types\/page"}],"author":[{"embeddable":true,"href":"https:\/\/hertzmusic.com\/index.php\/wp-json\/wp\/v2\/users\/1"}],"replies":[{"embeddable":true,"href":"https:\/\/hertzmusic.com\/index.php\/wp-json\/wp\/v2\/comments?post=53"}],"version-history":[{"count":37,"href":"https:\/\/hertzmusic.com\/index.php\/wp-json\/wp\/v2\/pages\/53\/revisions"}],"predecessor-version":[{"id":1428,"href":"https:\/\/hertzmusic.com\/index.php\/wp-json\/wp\/v2\/pages\/53\/revisions\/1428"}],"wp:attachment":[{"href":"https:\/\/hertzmusic.com\/index.php\/wp-json\/wp\/v2\/media?parent=53"}],"curies":[{"name":"wp","href":"https:\/\/api.w.org\/{rel}","templated":true}]}}